{"id":51,"date":"2014-10-02T21:15:27","date_gmt":"2014-10-03T01:15:27","guid":{"rendered":"http:\/\/bodyartmontreal.com\/?page_id=51"},"modified":"2021-11-01T14:36:18","modified_gmt":"2021-11-01T18:36:18","slug":"what-is-bodyart","status":"publish","type":"page","link":"https:\/\/bodyartmontreal.com\/fr\/","title":{"rendered":"Le bodyART\u2122 c&rsquo;est quoi ?"},"content":{"rendered":"<p><\/p>\n<h2>Un entrainement complet pour<br \/>\nvotre corps, coeur et esprit<\/h2>\n<p>Le but du bodyART\u2122 est d\u2019augmenter votre force et flexibilit\u00e9 globales. Votre \u00e9quilibre physique sera d\u00e9fi\u00e9 tout en travaillant votre core\/abdo ainsi qu\u2019en \u00e9quilibrant vos \u00e9nergies. Les exercices qui se retrouvent dans le bodyART\u2122 sont bas\u00e9s sur des techniques th\u00e9rapeutiques, inspir\u00e9s du yoga et d\u2019autre exercises traditionnels.<\/p>\n<p>bodyART\u2122 utilise des mouvements yin et yang toujours en se concentrant sur la\u00a0polarit\u00e9 des mouvements et la respiration.<\/p>\n<p><a class=\"button\" title=\"Contact\" href=\"http:\/\/bodyartmontreal.com\/contact\/\">Faire l&rsquo;essait du bodyART\u2122 \u00e0 Montr\u00e9al avec Maria Caruana<\/a><\/p>\n<div style=\"overflow:hidden;height:1px;\"><a href=\"https:\/\/spelacasinosvenska.com\/casino-utan-registrering\/\">casino utan registrering och oms\u00e4ttningskrav<\/a><\/div>\n<div style=\"overflow:hidden;height:1px;\"><a href=\"https:\/\/online-pelit.com\/\">parhaat kasinot<\/a><\/div>\n<div style=\"overflow:hidden;height:1px;\"><a href=\"https:\/\/sizzling-hot-deluxe-slot.com\/ro\/\">sizzling hot<\/a><\/div>\n<div style=\"overflow:hidden;height:1px;\"><a href=\"https:\/\/top-casino-promo-codes.com\/iceland-bingo-promo-code\/\">iceland bingo<\/a><\/div>\n<p>Paper writing is among the most popular kinds of writing a university thesis or composition. For some, it&rsquo;s also an extremely daunting task to be able to share <a href=\"https:\/\/technographx.com\/how-to-balance-education-and-games\/\">write my paper<\/a> their thoughts and ideas clearly in a article. It&rsquo;s not unusual for students to spend days or weeks writing their master papers. If you are like them, then you may want to employ a master essay writing support so as to complete the jobs in lesser period, and with better results. Here are a Few of the most important benefits of selecting the best essay writing service in the city:<\/p>\n<p><\/p>","protected":false},"excerpt":{"rendered":"<p>Un entrainement complet pour votre corps, coeur et esprit Le but du bodyART\u2122 est d\u2019augmenter votre force et flexibilit\u00e9 globales. Votre \u00e9quilibre physique sera d\u00e9fi\u00e9 tout en travaillant votre core\/abdo ainsi qu\u2019en \u00e9quilibrant vos \u00e9nergies. Les exercices qui se retrouvent dans le bodyART\u2122 sont bas\u00e9s sur des techniques th\u00e9rapeutiques, inspir\u00e9s du yoga et d\u2019autre exercises [&hellip;]<\/p>\n","protected":false},"author":1,"featured_media":242,"parent":0,"menu_order":0,"comment_status":"closed","ping_status":"closed","template":"","meta":{"_mi_skip_tracking":false},"aioseo_notices":[],"_links":{"self":[{"href":"https:\/\/bodyartmontreal.com\/fr\/wp-json\/wp\/v2\/pages\/51"}],"collection":[{"href":"https:\/\/bodyartmontreal.com\/fr\/wp-json\/wp\/v2\/pages"}],"about":[{"href":"https:\/\/bodyartmontreal.com\/fr\/wp-json\/wp\/v2\/types\/page"}],"author":[{"embeddable":true,"href":"https:\/\/bodyartmontreal.com\/fr\/wp-json\/wp\/v2\/users\/1"}],"replies":[{"embeddable":true,"href":"https:\/\/bodyartmontreal.com\/fr\/wp-json\/wp\/v2\/comments?post=51"}],"version-history":[{"count":4,"href":"https:\/\/bodyartmontreal.com\/fr\/wp-json\/wp\/v2\/pages\/51\/revisions"}],"predecessor-version":[{"id":3384,"href":"https:\/\/bodyartmontreal.com\/fr\/wp-json\/wp\/v2\/pages\/51\/revisions\/3384"}],"wp:featuredmedia":[{"embeddable":true,"href":"https:\/\/bodyartmontreal.com\/fr\/wp-json\/wp\/v2\/media\/242"}],"wp:attachment":[{"href":"https:\/\/bodyartmontreal.com\/fr\/wp-json\/wp\/v2\/media?parent=51"}],"curies":[{"name":"wp","href":"https:\/\/api.w.org\/{rel}","templated":true}]}}