{"id":275,"date":"2014-11-17T20:10:56","date_gmt":"2014-11-18T01:10:56","guid":{"rendered":"http:\/\/bodyartmontreal.com\/?page_id=275"},"modified":"2015-04-08T20:18:52","modified_gmt":"2015-04-09T00:18:52","slug":"online-registration-form","status":"publish","type":"page","link":"https:\/\/bodyartmontreal.com\/fr\/formulaire-denregistrement\/","title":{"rendered":"Formulaire d&rsquo;enregistrement"},"content":{"rendered":"<p><script type=\"text\/javascript\">var gform;gform||(document.addEventListener(\"gform_main_scripts_loaded\",function(){gform.scriptsLoaded=!0}),window.addEventListener(\"DOMContentLoaded\",function(){gform.domLoaded=!0}),gform={domLoaded:!1,scriptsLoaded:!1,initializeOnLoaded:function(o){gform.domLoaded&&gform.scriptsLoaded?o():!gform.domLoaded&&gform.scriptsLoaded?window.addEventListener(\"DOMContentLoaded\",o):document.addEventListener(\"gform_main_scripts_loaded\",o)},hooks:{action:{},filter:{}},addAction:function(o,n,r,t){gform.addHook(\"action\",o,n,r,t)},addFilter:function(o,n,r,t){gform.addHook(\"filter\",o,n,r,t)},doAction:function(o){gform.doHook(\"action\",o,arguments)},applyFilters:function(o){return gform.doHook(\"filter\",o,arguments)},removeAction:function(o,n){gform.removeHook(\"action\",o,n)},removeFilter:function(o,n,r){gform.removeHook(\"filter\",o,n,r)},addHook:function(o,n,r,t,i){null==gform.hooks[o][n]&&(gform.hooks[o][n]=[]);var e=gform.hooks[o][n];null==i&&(i=n+\"_\"+e.length),gform.hooks[o][n].push({tag:i,callable:r,priority:t=null==t?10:t})},doHook:function(n,o,r){var t;if(r=Array.prototype.slice.call(r,1),null!=gform.hooks[n][o]&&((o=gform.hooks[n][o]).sort(function(o,n){return o.priority-n.priority}),o.forEach(function(o){\"function\"!=typeof(t=o.callable)&&(t=window[t]),\"action\"==n?t.apply(null,r):r[0]=t.apply(null,r)})),\"filter\"==n)return r[0]},removeHook:function(o,n,t,i){var r;null!=gform.hooks[o][n]&&(r=(r=gform.hooks[o][n]).filter(function(o,n,r){return!!(null!=i&&i!=o.tag||null!=t&&t!=o.priority)}),gform.hooks[o][n]=r)}});<\/script>\n                <div class='gf_browser_gecko gform_wrapper gform_legacy_markup_wrapper' id='gform_wrapper_2' ><form method='post' enctype='multipart\/form-data'  id='gform_2'  action='\/fr\/wp-json\/wp\/v2\/pages\/275' >\n                        <div class='gform_body gform-body'><ul id='gform_fields_2' class='gform_fields right_label form_sublabel_below description_below'><li id=\"field_2_8\"  class=\"gfield gfield_contains_required field_sublabel_below field_description_below gfield_visibility_visible\"  data-js-reload=\"field_2_8\"><label class='gfield_label gfield_label_before_complex'  >Name<span class=\"gfield_required\"><span class=\"gfield_required gfield_required_asterisk\">*<\/span><\/span><\/label><div class='ginput_complex ginput_container no_prefix has_first_name no_middle_name has_last_name no_suffix gf_name_has_2 ginput_container_name' id='input_2_8'>\n                            \n                            <span id='input_2_8_3_container' class='name_first' >\n                                                    <input type='text' name='input_8.3' id='input_2_8_3' value=''   aria-required='true'     \/>\n                                                    <label for='input_2_8_3' >Pr\u00e9nom<\/label>\n                                                <\/span>\n                            \n                            <span id='input_2_8_6_container' class='name_last' >\n                                                    <input type='text' name='input_8.6' id='input_2_8_6' value=''   aria-required='true'     \/>\n                                                    <label for='input_2_8_6' >Nom<\/label>\n                                                <\/span>\n                            \n                        <\/div><\/li><li id=\"field_2_3\"  class=\"gfield gfield_contains_required field_sublabel_below field_description_below gfield_visibility_visible\"  data-js-reload=\"field_2_3\"><label class='gfield_label gfield_label_before_complex'  >Adresse<span class=\"gfield_required\"><span class=\"gfield_required gfield_required_asterisk\">*<\/span><\/span><\/label>    \n                    <div class='ginput_complex ginput_container has_street has_city has_state has_zip has_country ginput_container_address' id='input_2_3' >\n                         <span class='ginput_full address_line_1 ginput_address_line_1' id='input_2_3_1_container' >\n                                        <input type='text' name='input_3.1' id='input_2_3_1' value=''    aria-required='true'    \/>\n                                        <label for='input_2_3_1' id='input_2_3_1_label' >Adresse postale<\/label>\n                                    <\/span><span class='ginput_left address_city ginput_address_city' id='input_2_3_3_container' >\n                                    <input type='text' name='input_3.3' id='input_2_3_3' value=''    aria-required='true'    \/>\n                                    <label for='input_2_3_3' id='input_2_3_3_label' >Ville<\/label>\n                                 <\/span><span class='ginput_right address_state ginput_address_state' id='input_2_3_4_container' >\n                                        <input type='text' name='input_3.4' id='input_2_3_4' value=''      aria-required='true'    \/>\n                                        <label for='input_2_3_4' id='input_2_3_4_label' >\u00c9tat \/ Province \/ R\u00e9gion<\/label>\n                                      <\/span><span class='ginput_left address_zip ginput_address_zip' id='input_2_3_5_container' >\n                                    <input type='text' name='input_3.5' id='input_2_3_5' value=''    aria-required='true'    \/>\n                                    <label for='input_2_3_5' id='input_2_3_5_label' >ZIP \/ Code postal<\/label>\n                                <\/span><span class='ginput_right address_country ginput_address_country' id='input_2_3_6_container' >\n                                        <select name='input_3.6' id='input_2_3_6'   aria-required='true'    ><option value='' ><\/option><option value='Afghanistan' >Afghanistan<\/option><option value='Afrique du Sud' >Afrique du Sud<\/option><option value='Albanie' >Albanie<\/option><option value='Alg\u00e9rie' >Alg\u00e9rie<\/option><option value='Allemagne' >Allemagne<\/option><option value='Andorre' >Andorre<\/option><option value='Angola' >Angola<\/option><option value='Anguilla' >Anguilla<\/option><option value='Antarctique' >Antarctique<\/option><option value='Antigua-et-Barbuda' >Antigua-et-Barbuda<\/option><option value='Arabie Saoudite' >Arabie Saoudite<\/option><option value='Argentine' >Argentine<\/option><option value='Arm\u00e9nie' >Arm\u00e9nie<\/option><option value='Aruba' >Aruba<\/option><option value='Australie' >Australie<\/option><option value='Autriche' >Autriche<\/option><option value='Azerba\u00efdjan' >Azerba\u00efdjan<\/option><option value='Bahamas' >Bahamas<\/option><option value='Bahre\u00efn' >Bahre\u00efn<\/option><option value='Bangladesh' >Bangladesh<\/option><option value='Belarus' >Belarus<\/option><option value='Belgique' >Belgique<\/option><option value='Belize' >Belize<\/option><option value='Bermudes' >Bermudes<\/option><option value='Bhoutan' >Bhoutan<\/option><option value='Bolivie' >Bolivie<\/option><option value='Bonaire, Saint-Eustache et Saba ' >Bonaire, Saint-Eustache et Saba <\/option><option value='Bosnie-Herz\u00e9govine' >Bosnie-Herz\u00e9govine<\/option><option value='Botswana' >Botswana<\/option><option value='Brunei Darussalam' >Brunei Darussalam<\/option><option value='Br\u00e9sil' >Br\u00e9sil<\/option><option value='Bulgarie' >Bulgarie<\/option><option value='Burkina Faso' >Burkina Faso<\/option><option value='Burundi' >Burundi<\/option><option value='B\u00e9nin' >B\u00e9nin<\/option><option value='Cambodge' >Cambodge<\/option><option value='Cameroun' >Cameroun<\/option><option value='Canada' selected='selected'>Canada<\/option><option value='Cap-Vert' >Cap-Vert<\/option><option value='Chili' >Chili<\/option><option value='Chine' >Chine<\/option><option value='Chypre' >Chypre<\/option><option value='Colombie' >Colombie<\/option><option value='Comores' >Comores<\/option><option value='Congo' >Congo<\/option><option value='Cor\u00e9e (R\u00e9publique de)' >Cor\u00e9e (R\u00e9publique de)<\/option><option value='Cor\u00e9e (R\u00e9publique populaire d\u00e9mocratique de)' >Cor\u00e9e (R\u00e9publique populaire d\u00e9mocratique de)<\/option><option value='Costa Rica' >Costa Rica<\/option><option value='Croatie' >Croatie<\/option><option value='Cuba' >Cuba<\/option><option value='Cura\u00e7ao' >Cura\u00e7ao<\/option><option value='C\u00f4te d\u2019Ivoire' >C\u00f4te d\u2019Ivoire<\/option><option value='Danemark' >Danemark<\/option><option value='Djibouti' >Djibouti<\/option><option value='Dominique' >Dominique<\/option><option value='Espagne' >Espagne<\/option><option value='Estonie' >Estonie<\/option><option value='Eswatini' >Eswatini<\/option><option value='Fidji' >Fidji<\/option><option value='Finlande' >Finlande<\/option><option value='France' >France<\/option><option value='F\u00e9d\u00e9ration Russe' >F\u00e9d\u00e9ration Russe<\/option><option value='Gabon' >Gabon<\/option><option value='Gambie' >Gambie<\/option><option value='Ghana' >Ghana<\/option><option value='Gibraltar' >Gibraltar<\/option><option value='Grenade' >Grenade<\/option><option value='Groenland' >Groenland<\/option><option value='Gr\u00e8ce' >Gr\u00e8ce<\/option><option value='Guadeloupe' >Guadeloupe<\/option><option value='Guam' >Guam<\/option><option value='Guatemala' >Guatemala<\/option><option value='Guernsey' >Guernsey<\/option><option value='Guin\u00e9e' >Guin\u00e9e<\/option><option value='Guin\u00e9e \u00e9quatoriale' >Guin\u00e9e \u00e9quatoriale<\/option><option value='Guin\u00e9e-Bissau' >Guin\u00e9e-Bissau<\/option><option value='Guyane' >Guyane<\/option><option value='Guyane' >Guyane<\/option><option value='G\u00e9orgie' >G\u00e9orgie<\/option><option value='G\u00e9orgie du Sud et \u00celes Sandwich du Sud' >G\u00e9orgie du Sud et \u00celes Sandwich du Sud<\/option><option value='Ha\u00efti' >Ha\u00efti<\/option><option value='Honduras' >Honduras<\/option><option value='Hong Kong' >Hong Kong<\/option><option value='Hongrie' >Hongrie<\/option><option value='Inde' >Inde<\/option><option value='Indon\u00e9sie' >Indon\u00e9sie<\/option><option value='Irak' >Irak<\/option><option value='Iran' >Iran<\/option><option value='Irlande' >Irlande<\/option><option value='Islande' >Islande<\/option><option value='Isra\u00ebl' >Isra\u00ebl<\/option><option value='Italie' >Italie<\/option><option value='Jama\u00efque' >Jama\u00efque<\/option><option value='Japon' >Japon<\/option><option value='Jersey' >Jersey<\/option><option value='Jordanie' >Jordanie<\/option><option value='Kazakhstan' >Kazakhstan<\/option><option value='Kenya' >Kenya<\/option><option value='Kirghizistan' >Kirghizistan<\/option><option value='Kiribati' >Kiribati<\/option><option value='Kowe\u00eft' >Kowe\u00eft<\/option><option value='La Barbade' >La Barbade<\/option><option value='La R\u00e9union' >La R\u00e9union<\/option><option value='Lesotho' >Lesotho<\/option><option value='Lettonie' >Lettonie<\/option><option value='Liban' >Liban<\/option><option value='Liberia' >Liberia<\/option><option value='Libye' >Libye<\/option><option value='Liechtenstein' >Liechtenstein<\/option><option value='Lituanie' >Lituanie<\/option><option value='Luxembourg' >Luxembourg<\/option><option value='Macao' >Macao<\/option><option value='Mac\u00e9doine du Nord' >Mac\u00e9doine du Nord<\/option><option value='Madagascar' >Madagascar<\/option><option value='Malaisie' >Malaisie<\/option><option value='Malawi' >Malawi<\/option><option value='Maldives' >Maldives<\/option><option value='Mali' >Mali<\/option><option value='Malte' >Malte<\/option><option value='Maroc' >Maroc<\/option><option value='Martinique' >Martinique<\/option><option value='Mauritanie' >Mauritanie<\/option><option value='Mayotte' >Mayotte<\/option><option value='Mexique' >Mexique<\/option><option value='Micron\u00e9sie' >Micron\u00e9sie<\/option><option value='Moldavie' >Moldavie<\/option><option value='Monaco' >Monaco<\/option><option value='Mongolie' >Mongolie<\/option><option value='Montserrat' >Montserrat<\/option><option value='Mont\u00e9n\u00e9gro' >Mont\u00e9n\u00e9gro<\/option><option value='Mozambique' >Mozambique<\/option><option value='Myanmar' >Myanmar<\/option><option value='Namibie' >Namibie<\/option><option value='Nauru' >Nauru<\/option><option value='Nicaragua' >Nicaragua<\/option><option value='Niger' >Niger<\/option><option value='Nig\u00e9ria' >Nig\u00e9ria<\/option><option value='Niu\u00e9' >Niu\u00e9<\/option><option value='Norv\u00e8ge' >Norv\u00e8ge<\/option><option value='Nouvelle-Cal\u00e9donie' >Nouvelle-Cal\u00e9donie<\/option><option value='Nouvelle-Z\u00e9lande' >Nouvelle-Z\u00e9lande<\/option><option value='N\u00e9pal' >N\u00e9pal<\/option><option value='Oman' >Oman<\/option><option value='Ouganda' >Ouganda<\/option><option value='Ouzb\u00e9kistan' >Ouzb\u00e9kistan<\/option><option value='Pakistan' >Pakistan<\/option><option value='Palau' >Palau<\/option><option value='Panama' >Panama<\/option><option value='Papouasie-Nouvelle-Guin\u00e9e' >Papouasie-Nouvelle-Guin\u00e9e<\/option><option value='Paraguay' >Paraguay<\/option><option value='Pays-Bas' >Pays-Bas<\/option><option value='Philippines' >Philippines<\/option><option value='Pologne' >Pologne<\/option><option value='Polyn\u00e9sie fran\u00e7aise' >Polyn\u00e9sie fran\u00e7aise<\/option><option value='Porto Rico' >Porto Rico<\/option><option value='Portugal' >Portugal<\/option><option value='P\u00e9rou' >P\u00e9rou<\/option><option value='Qatar' >Qatar<\/option><option value='Roumanie' >Roumanie<\/option><option value='Royaume-Uni' >Royaume-Uni<\/option><option value='Rwanda' >Rwanda<\/option><option value='R\u00e9publique Dominicaine' >R\u00e9publique Dominicaine<\/option><option value='R\u00e9publique Tch\u00e8que' >R\u00e9publique Tch\u00e8que<\/option><option value='R\u00e9publique arabe syrienne' >R\u00e9publique arabe syrienne<\/option><option value='R\u00e9publique centrafricaine' >R\u00e9publique centrafricaine<\/option><option value='R\u00e9publique d\u00e9mocratique du Congo' >R\u00e9publique d\u00e9mocratique du Congo<\/option><option value='R\u00e9publique d\u00e9mocratique populaire du Laos' >R\u00e9publique d\u00e9mocratique populaire du Laos<\/option><option value='Sahara occidental' >Sahara occidental<\/option><option value='Saint Barth\u00e9lemy' >Saint Barth\u00e9lemy<\/option><option value='Saint Martin' >Saint Martin<\/option><option value='Saint Pierre et Miquelon' >Saint Pierre et Miquelon<\/option><option value='Saint-Christophe-et-Nevis' >Saint-Christophe-et-Nevis<\/option><option value='Saint-Marin' >Saint-Marin<\/option><option value='Saint-Si\u00e8ge' >Saint-Si\u00e8ge<\/option><option value='Saint-Vincent-et-les Grenadines' >Saint-Vincent-et-les Grenadines<\/option><option value='Sainte-H\u00e9l\u00e8ne, Ascension et Tristan da Cunha' >Sainte-H\u00e9l\u00e8ne, Ascension et Tristan da Cunha<\/option><option value='Sainte-Lucie' >Sainte-Lucie<\/option><option value='Salvador' >Salvador<\/option><option value='Samoa' >Samoa<\/option><option value='Samoa am\u00e9ricaines' >Samoa am\u00e9ricaines<\/option><option value='Sao Tom\u00e9 et Principe' >Sao Tom\u00e9 et Principe<\/option><option value='Serbie' >Serbie<\/option><option value='Seychelles' >Seychelles<\/option><option value='Sierra Leone' >Sierra Leone<\/option><option value='Singapour' >Singapour<\/option><option value='Sint Maarten' >Sint Maarten<\/option><option value='Slovaquie' >Slovaquie<\/option><option value='Slov\u00e9nie' >Slov\u00e9nie<\/option><option value='Somalie' >Somalie<\/option><option value='Soudan' >Soudan<\/option><option value='Soudan du Sud' >Soudan du Sud<\/option><option value='Sri Lanka' >Sri Lanka<\/option><option value='Suisse' >Suisse<\/option><option value='Suriname' >Suriname<\/option><option value='Su\u00e8de' >Su\u00e8de<\/option><option value='S\u00e9n\u00e9gal' >S\u00e9n\u00e9gal<\/option><option value='Tadjikistan' >Tadjikistan<\/option><option value='Tanzanie (R\u00e9publique-Unie de)' >Tanzanie (R\u00e9publique-Unie de)<\/option><option value='Ta\u00efwan' >Ta\u00efwan<\/option><option value='Tchad' >Tchad<\/option><option value='Terres Australes Fran\u00e7aises' >Terres Australes Fran\u00e7aises<\/option><option value='Territoire britannique de l\u2019oc\u00e9an Indien' >Territoire britannique de l\u2019oc\u00e9an Indien<\/option><option value='Tha\u00eflande' >Tha\u00eflande<\/option><option value='Timor oriental' >Timor oriental<\/option><option value='Togo' >Togo<\/option><option value='Tokelau' >Tokelau<\/option><option value='Tonga' >Tonga<\/option><option value='Trinit\u00e9 et Tobago' >Trinit\u00e9 et Tobago<\/option><option value='Tunisie' >Tunisie<\/option><option value='Turkm\u00e9nistan' >Turkm\u00e9nistan<\/option><option value='Turquie' >Turquie<\/option><option value='Tuvalu' >Tuvalu<\/option><option value='Ukraine' >Ukraine<\/option><option value='Uruguay' >Uruguay<\/option><option value='Vanuatu' >Vanuatu<\/option><option value='Venezuela' >Venezuela<\/option><option value='Vietnam' >Vietnam<\/option><option value='Wallis et Futuna' >Wallis et Futuna<\/option><option value='Y\u00e9men' >Y\u00e9men<\/option><option value='Zambie' >Zambie<\/option><option value='Zimbabwe' >Zimbabwe<\/option><option value='\u00c9gypte' >\u00c9gypte<\/option><option value='\u00c9mirats arabes unis' >\u00c9mirats arabes unis<\/option><option value='\u00c9quateur' >\u00c9quateur<\/option><option value='\u00c9rythr\u00e9e' >\u00c9rythr\u00e9e<\/option><option value='\u00c9tat palestinien' >\u00c9tat palestinien<\/option><option value='\u00c9tats-Unis' >\u00c9tats-Unis<\/option><option value='\u00c9thiopie' >\u00c9thiopie<\/option><option value='\u00cele Bouvet' >\u00cele Bouvet<\/option><option value='\u00cele Christmas' >\u00cele Christmas<\/option><option value='\u00cele Maurice' >\u00cele Maurice<\/option><option value='\u00cele Norfolk' >\u00cele Norfolk<\/option><option value='\u00cele de Man' >\u00cele de Man<\/option><option value='\u00celes Cayman' >\u00celes Cayman<\/option><option value='\u00celes Cocos' >\u00celes Cocos<\/option><option value='\u00celes Cook' >\u00celes Cook<\/option><option value='\u00celes Falkland' >\u00celes Falkland<\/option><option value='\u00celes F\u00e9ro\u00e9' >\u00celes F\u00e9ro\u00e9<\/option><option value='\u00celes Heard et McDonald' >\u00celes Heard et McDonald<\/option><option value='\u00celes Mariannes du Nord' >\u00celes Mariannes du Nord<\/option><option value='\u00celes Marshall' >\u00celes Marshall<\/option><option value='\u00celes Pitcairn' >\u00celes Pitcairn<\/option><option value='\u00celes Salomon' >\u00celes Salomon<\/option><option value='\u00celes Turques et Ca\u00efques' >\u00celes Turques et Ca\u00efques<\/option><option value='\u00celes Vierges am\u00e9ricaines' >\u00celes Vierges am\u00e9ricaines<\/option><option value='\u00celes Vierges britanniques' >\u00celes Vierges britanniques<\/option><option value='\u00celes de Svalbard et Jan Mayen' >\u00celes de Svalbard et Jan Mayen<\/option><option value='\u00celes mineures am\u00e9ricaines' >\u00celes mineures am\u00e9ricaines<\/option><option value='\u00celes \u00c5land' >\u00celes \u00c5land<\/option><\/select>\n                                        <label for='input_2_3_6' id='input_2_3_6_label' >Pays<\/label>\n                                    <\/span>\n                    <div class='gf_clear gf_clear_complex'><\/div>\n                <\/div><\/li><li id=\"field_2_4\"  class=\"gfield gfield_contains_required field_sublabel_below field_description_below gfield_visibility_visible\"  data-js-reload=\"field_2_4\"><label class='gfield_label' for='input_2_4' >Courriel<span class=\"gfield_required\"><span class=\"gfield_required gfield_required_asterisk\">*<\/span><\/span><\/label><div class='ginput_container ginput_container_email'>\n                            <input name='input_4' id='input_2_4' type='text' value='' class='large'    aria-required=\"true\" aria-invalid=\"false\"  \/>\n                        <\/div><\/li><li id=\"field_2_5\"  class=\"gfield gfield_contains_required field_sublabel_below field_description_below gfield_visibility_visible\"  data-js-reload=\"field_2_5\"><label class='gfield_label' for='input_2_5' >T\u00e9l\u00e9phone<span class=\"gfield_required\"><span class=\"gfield_required gfield_required_asterisk\">*<\/span><\/span><\/label><div class='ginput_container ginput_container_phone'><input name='input_5' id='input_2_5' type='text' value='' class='medium'   aria-required=\"true\" aria-invalid=\"false\"   \/><\/div><\/li><li id=\"field_2_6\"  class=\"gfield field_sublabel_below field_description_below gfield_visibility_visible\"  data-js-reload=\"field_2_6\"><label class='gfield_label' for='input_2_6' >Informations suppl\u00e9mentaire<\/label><div class='ginput_container ginput_container_textarea'><textarea name='input_6' id='input_2_6' class='textarea large'      aria-invalid=\"false\"   rows='10' cols='50'><\/textarea><\/div><\/li><li id=\"field_2_7\"  class=\"gfield gfield_price gfield_price_2_7 gfield_product_2_7 field_sublabel_below field_description_below gfield_visibility_visible\"  data-js-reload=\"field_2_7\"><label class='gfield_label gfield_label_before_complex' for='input_2_7_1' >bodyART Pure with Julia Pryzbilka<\/label><div class='ginput_container ginput_container_singleproduct'>\n\t\t\t\t\t<input type='hidden' name='input_7.1' value='bodyART Pure with Julia Pryzbilka' class='gform_hidden' \/>\n\t\t\t\t\t\n\t\t\t\t\t\t<label for='ginput_base_price_2_7' class='ginput_product_price_label'>Prix:<\/label>\n\t\t\t\t\t\t<input type='text' readonly class='ginput_product_price gform-text-input-reset' name='input_7.2' id='ginput_base_price_2_7' class='gform_hidden' value='$ 370.00 CAD' aria-label='bodyART Pure with Julia Pryzbilka Prix'  \/>\n\t\t\t\t\t\n\t\t\t\t\t<input type='hidden' name='input_7.3' value='1' class='ginput_quantity_2_7 gform_hidden' \/>\n\t\t\t\t<\/div><\/li><li id=\"field_2_9\"  class=\"gfield gfield_html gfield_html_formatted gfield_no_follows_desc field_sublabel_below field_description_below gfield_visibility_visible\"  data-js-reload=\"field_2_9\"><img src=\"http:\/\/bodyartmontreal.com\/wp-content\/uploads\/paypal-payments.jpg\"><\/li><\/ul><\/div>\n        <div class='gform_footer right_label'> <input type='submit' id='gform_submit_button_2' class='gform_button button' value='Envoyer'  onclick='if(window[\"gf_submitting_2\"]){return false;}  window[\"gf_submitting_2\"]=true;  ' onkeypress='if( event.keyCode == 13 ){ if(window[\"gf_submitting_2\"]){return false;} window[\"gf_submitting_2\"]=true;  jQuery(\"#gform_2\").trigger(\"submit\",[true]); }' \/> \n            <input type='hidden' class='gform_hidden' name='is_submit_2' value='1' \/>\n            <input type='hidden' class='gform_hidden' name='gform_submit' value='2' \/>\n            \n            <input type='hidden' class='gform_hidden' name='gform_unique_id' value='' \/>\n            <input type='hidden' class='gform_hidden' name='state_2' value='WyJ7XCI3LjFcIjpcIjRhNjA4ZmYzZGNiNTUwMjVlOWZjYWMzODNlNjNiYTk4XCIsXCI3LjJcIjpcIjMyMWJiYzBhOTdjZWY3OTUzMTg5ZmU4NmM2ODU3YzJkXCJ9IiwiOTMyNjc1YWI0NDIwODNhMTc0N2U5N2UzODRjOGE4OTYiXQ==' \/>\n            <input type='hidden' class='gform_hidden' name='gform_target_page_number_2' id='gform_target_page_number_2' value='0' \/>\n            <input type='hidden' class='gform_hidden' name='gform_source_page_number_2' id='gform_source_page_number_2' value='1' \/>\n            <input type='hidden' name='gform_field_values' value='' \/>\n            \n        <\/div>\n                        <\/form>\n                        <\/div><\/p>","protected":false},"excerpt":{"rendered":"","protected":false},"author":1,"featured_media":0,"parent":0,"menu_order":0,"comment_status":"closed","ping_status":"closed","template":"","meta":{"_mi_skip_tracking":false},"aioseo_notices":[],"_links":{"self":[{"href":"https:\/\/bodyartmontreal.com\/fr\/wp-json\/wp\/v2\/pages\/275"}],"collection":[{"href":"https:\/\/bodyartmontreal.com\/fr\/wp-json\/wp\/v2\/pages"}],"about":[{"href":"https:\/\/bodyartmontreal.com\/fr\/wp-json\/wp\/v2\/types\/page"}],"author":[{"embeddable":true,"href":"https:\/\/bodyartmontreal.com\/fr\/wp-json\/wp\/v2\/users\/1"}],"replies":[{"embeddable":true,"href":"https:\/\/bodyartmontreal.com\/fr\/wp-json\/wp\/v2\/comments?post=275"}],"version-history":[{"count":0,"href":"https:\/\/bodyartmontreal.com\/fr\/wp-json\/wp\/v2\/pages\/275\/revisions"}],"wp:attachment":[{"href":"https:\/\/bodyartmontreal.com\/fr\/wp-json\/wp\/v2\/media?parent=275"}],"curies":[{"name":"wp","href":"https:\/\/api.w.org\/{rel}","templated":true}]}}