{"id":19,"date":"2014-10-02T10:11:07","date_gmt":"2014-10-02T14:11:07","guid":{"rendered":"http:\/\/bodyartmontreal.com\/?page_id=19"},"modified":"2021-03-23T22:16:52","modified_gmt":"2021-03-24T02:16:52","slug":"videos","status":"publish","type":"page","link":"https:\/\/bodyartmontreal.com\/en\/videos\/","title":{"rendered":"Videos"},"content":{"rendered":"<p><\/p>\n<h3>2015 bodyART\u2122 MasterClass with Master Trainer Ryan Daniel Beck at Carrefour Multisports, 2014<\/h3>\n<p><iframe loading=\"lazy\" title=\"bodyART montreal - Master Class 2015\" width=\"960\" height=\"540\" src=\"https:\/\/www.youtube.com\/embed\/go2_sr7KHqg?feature=oembed\" frameborder=\"0\" allow=\"accelerometer; autoplay; clipboard-write; encrypted-media; gyroscope; picture-in-picture\" allowfullscreen><\/iframe><\/p>\n<h3>Demo bodyart class at Carrefour Multisports, 2013<\/h3>\n<p><iframe loading=\"lazy\" title=\"bodyART Montreal\" width=\"960\" height=\"540\" src=\"https:\/\/www.youtube.com\/embed\/anbZNsU9-GU?feature=oembed\" frameborder=\"0\" allow=\"accelerometer; autoplay; clipboard-write; encrypted-media; gyroscope; picture-in-picture\" allowfullscreen><\/iframe><\/p>\n<h3>Premi\u00e8re formation de bodyart \u00e0 \u00catre Pilates (Blainville)<\/h3>\n<p><iframe loading=\"lazy\" title=\"bodyART Carrefour Multisports\" width=\"960\" height=\"540\" src=\"https:\/\/www.youtube.com\/embed\/Wn_2m7RamnQ?feature=oembed\" frameborder=\"0\" allow=\"accelerometer; autoplay; clipboard-write; encrypted-media; gyroscope; picture-in-picture\" allowfullscreen><\/iframe><\/p>\n<h3>Studio \u00catre Pilates<\/h3>\n<p><iframe loading=\"lazy\" title=\"Studio \u00catre Pilates\" width=\"960\" height=\"540\" src=\"https:\/\/www.youtube.com\/embed\/VCjMn4ZijIo?feature=oembed\" frameborder=\"0\" allow=\"accelerometer; autoplay; clipboard-write; encrypted-media; gyroscope; picture-in-picture\" allowfullscreen><\/iframe><\/p>","protected":false},"excerpt":{"rendered":"<p>2015 bodyART\u2122 MasterClass with Master Trainer Ryan Daniel Beck at Carrefour Multisports, 2014 Demo bodyart class at Carrefour Multisports, 2013 Premi\u00e8re formation de bodyart \u00e0 \u00catre Pilates (Blainville) Studio \u00catre Pilates<\/p>\n","protected":false},"author":1,"featured_media":266,"parent":0,"menu_order":0,"comment_status":"closed","ping_status":"closed","template":"","meta":{"_mi_skip_tracking":false},"aioseo_notices":[],"_links":{"self":[{"href":"https:\/\/bodyartmontreal.com\/en\/wp-json\/wp\/v2\/pages\/19"}],"collection":[{"href":"https:\/\/bodyartmontreal.com\/en\/wp-json\/wp\/v2\/pages"}],"about":[{"href":"https:\/\/bodyartmontreal.com\/en\/wp-json\/wp\/v2\/types\/page"}],"author":[{"embeddable":true,"href":"https:\/\/bodyartmontreal.com\/en\/wp-json\/wp\/v2\/users\/1"}],"replies":[{"embeddable":true,"href":"https:\/\/bodyartmontreal.com\/en\/wp-json\/wp\/v2\/comments?post=19"}],"version-history":[{"count":3,"href":"https:\/\/bodyartmontreal.com\/en\/wp-json\/wp\/v2\/pages\/19\/revisions"}],"predecessor-version":[{"id":3229,"href":"https:\/\/bodyartmontreal.com\/en\/wp-json\/wp\/v2\/pages\/19\/revisions\/3229"}],"wp:featuredmedia":[{"embeddable":true,"href":"https:\/\/bodyartmontreal.com\/en\/wp-json\/wp\/v2\/media\/266"}],"wp:attachment":[{"href":"https:\/\/bodyartmontreal.com\/en\/wp-json\/wp\/v2\/media?parent=19"}],"curies":[{"name":"wp","href":"https:\/\/api.w.org\/{rel}","templated":true}]}}